{"id":2,"date":"2024-07-12T16:05:44","date_gmt":"2024-07-12T16:05:44","guid":{"rendered":"https:\/\/climeo-solutions.com\/?page_id=2"},"modified":"2024-10-11T06:45:22","modified_gmt":"2024-10-11T05:45:22","slug":"ueber-uns","status":"publish","type":"page","link":"https:\/\/climeo-solutions.com\/?page_id=2","title":{"rendered":"\u00dcber uns"},"content":{"rendered":"\n<p>Die Climeo Solutions GmbH schreibt die Geschichte der Climeo AG fort die im Februar 2024 leider Insolvenz anmelden musste. Heute ist die Climeo ein Schweizer Unternehmen, das Haustechnik-Wissen mit Innovationsgeist und jahrelanger Branchenerfahrung vereint. Wir glauben, dass Technik im Alltag auf einfache Weise nutzbar sein muss und verfolgen eine Vision: Menschen in R\u00e4umen mehr Lebensqualit\u00e4t zu verschaffen.<\/p>\n\n\n\n<div class=\"wp-block-media-text is-stacked-on-mobile\"><figure class=\"wp-block-media-text__media\"><img loading=\"lazy\" decoding=\"async\" width=\"1000\" height=\"667\" src=\"https:\/\/climeo-solutions.com\/wp-content\/uploads\/2024\/07\/Proj_tech_bat_6_FRM.jpg\" alt=\"\" class=\"wp-image-13 size-full\" srcset=\"https:\/\/climeo-solutions.com\/wp-content\/uploads\/2024\/07\/Proj_tech_bat_6_FRM.jpg 1000w, https:\/\/climeo-solutions.com\/wp-content\/uploads\/2024\/07\/Proj_tech_bat_6_FRM-300x200.jpg 300w, https:\/\/climeo-solutions.com\/wp-content\/uploads\/2024\/07\/Proj_tech_bat_6_FRM-768x512.jpg 768w\" sizes=\"auto, (max-width: 1000px) 100vw, 1000px\" \/><\/figure><div class=\"wp-block-media-text__content\">\n<p>Wir sind ein Team aus Experten mit verschiedenen Hintergr\u00fcnden wie T\u00fcftler, Programmierung, Produktion, Unternehmensf\u00fchrung die gemeinsam die Energieeffiziente und Benutzerfreundliche L\u00f6sung des Climeo Systems zum erfolg f\u00fchren wollen. Der Weg dazu ist gesetzt muss aber noch gegangen werden<\/p>\n<\/div><\/div>\n\n\n\n<p>Sollten Sie uns auf diesem Weg mit Ihrem Feedback, ihren Anregungen oder auch einem Invest begleiten wollen melden Sie sich bitte gerne. Wir freuen uns auf den Austausch. <\/p>\n\n\n\n<p><\/p>\n\n\n\n<p><\/p>\n","protected":false},"excerpt":{"rendered":"<p>Die Climeo Solutions GmbH schreibt die Geschichte der Climeo AG fort die im Februar 2024 leider Insolvenz anmelden musste. Heute ist die Climeo ein Schweizer Unternehmen, das Haustechnik-Wissen mit Innovationsgeist und jahrelanger Branchenerfahrung vereint. Wir glauben, dass Technik im Alltag auf einfache Weise nutzbar sein muss und verfolgen eine Vision: Menschen in R\u00e4umen mehr Lebensqualit\u00e4t [&hellip;]<\/p>\n","protected":false},"author":1,"featured_media":0,"parent":0,"menu_order":2,"comment_status":"closed","ping_status":"closed","template":"","meta":{"footnotes":""},"class_list":["post-2","page","type-page","status-publish","hentry"],"_links":{"self":[{"href":"https:\/\/climeo-solutions.com\/index.php?rest_route=\/wp\/v2\/pages\/2","targetHints":{"allow":["GET"]}}],"collection":[{"href":"https:\/\/climeo-solutions.com\/index.php?rest_route=\/wp\/v2\/pages"}],"about":[{"href":"https:\/\/climeo-solutions.com\/index.php?rest_route=\/wp\/v2\/types\/page"}],"author":[{"embeddable":true,"href":"https:\/\/climeo-solutions.com\/index.php?rest_route=\/wp\/v2\/users\/1"}],"replies":[{"embeddable":true,"href":"https:\/\/climeo-solutions.com\/index.php?rest_route=%2Fwp%2Fv2%2Fcomments&post=2"}],"version-history":[{"count":1,"href":"https:\/\/climeo-solutions.com\/index.php?rest_route=\/wp\/v2\/pages\/2\/revisions"}],"predecessor-version":[{"id":70,"href":"https:\/\/climeo-solutions.com\/index.php?rest_route=\/wp\/v2\/pages\/2\/revisions\/70"}],"wp:attachment":[{"href":"https:\/\/climeo-solutions.com\/index.php?rest_route=%2Fwp%2Fv2%2Fmedia&parent=2"}],"curies":[{"name":"wp","href":"https:\/\/api.w.org\/{rel}","templated":true}]}}