{"id":198,"date":"2026-02-19T11:58:57","date_gmt":"2026-02-19T10:58:57","guid":{"rendered":"https:\/\/climeo-solutions.com\/?page_id=198"},"modified":"2026-03-07T20:40:03","modified_gmt":"2026-03-07T19:40:03","slug":"crowd-funding","status":"publish","type":"page","link":"https:\/\/climeo-solutions.com\/?page_id=198","title":{"rendered":"Crowd Funding"},"content":{"rendered":"\n<figure class=\"wp-block-image alignwide size-large\"><img loading=\"lazy\" decoding=\"async\" width=\"1024\" height=\"395\" src=\"https:\/\/climeo-solutions.com\/wp-content\/uploads\/2026\/02\/350-aktive-Wohnungen-1024x395.png\" alt=\"\" class=\"wp-image-200\" srcset=\"https:\/\/climeo-solutions.com\/wp-content\/uploads\/2026\/02\/350-aktive-Wohnungen-1024x395.png 1024w, https:\/\/climeo-solutions.com\/wp-content\/uploads\/2026\/02\/350-aktive-Wohnungen-300x116.png 300w, https:\/\/climeo-solutions.com\/wp-content\/uploads\/2026\/02\/350-aktive-Wohnungen-768x296.png 768w, https:\/\/climeo-solutions.com\/wp-content\/uploads\/2026\/02\/350-aktive-Wohnungen.png 1375w\" sizes=\"auto, (max-width: 1024px) 100vw, 1024px\" \/><\/figure>\n\n\n\n<div style=\"height:25px\" aria-hidden=\"true\" class=\"wp-block-spacer\"><\/div>\n\n\n\n<h3 class=\"wp-block-heading alignwide\">Climeo Solutions entwickelt und vertreibt intelligente L\u00fcftungsSteuerungsSysteme f\u00fcr Wohngeb\u00e4ude. Das Unternehmen verf\u00fcgt \u00fcber funktionierende Technologie, reale Kunden, einen bestehenden Produktmarkt und ben\u00f6tigt nun Kapital, um Wachstum und Weiterentwicklung sicherzustellen. <br>Werden Sie Teil der Climeo Solutions, <br>nehmen Sie Kontakt mit uns auf!<\/h3>\n\n\n\n<div style=\"height:51px\" aria-hidden=\"true\" class=\"wp-block-spacer\"><\/div>\n\n\n\n<figure class=\"wp-block-video\"><video height=\"720\" style=\"aspect-ratio: 1280 \/ 720;\" width=\"1280\" controls src=\"https:\/\/climeo-solutions.com\/wp-content\/uploads\/2026\/03\/Climeo-Solutions-Pitch.mp4\"><\/video><\/figure>\n\n\n\n<div style=\"height:100px\" aria-hidden=\"true\" class=\"wp-block-spacer\"><\/div>\n\n\n\n<p class=\"has-medium-font-size\">Einige Ausschnitte aus unserer LinkedIn &#8211; Kampagne:<\/p>\n\n\n\n<p><\/p>\n\n\n\n<hr class=\"wp-block-separator has-alpha-channel-opacity\"\/>\n\n\n\n<div class=\"wp-block-columns is-layout-flex wp-container-core-columns-is-layout-28f84493 wp-block-columns-is-layout-flex\">\n<div class=\"wp-block-column is-layout-flow wp-block-column-is-layout-flow\" style=\"flex-basis:33.33%\">\n<figure class=\"wp-block-image size-full\"><img loading=\"lazy\" decoding=\"async\" width=\"1024\" height=\"1024\" src=\"https:\/\/climeo-solutions.com\/wp-content\/uploads\/2026\/03\/Me-and-Climeo.png\" alt=\"\" class=\"wp-image-303\" srcset=\"https:\/\/climeo-solutions.com\/wp-content\/uploads\/2026\/03\/Me-and-Climeo.png 1024w, https:\/\/climeo-solutions.com\/wp-content\/uploads\/2026\/03\/Me-and-Climeo-300x300.png 300w, https:\/\/climeo-solutions.com\/wp-content\/uploads\/2026\/03\/Me-and-Climeo-150x150.png 150w, https:\/\/climeo-solutions.com\/wp-content\/uploads\/2026\/03\/Me-and-Climeo-768x768.png 768w\" sizes=\"auto, (max-width: 1024px) 100vw, 1024px\" \/><\/figure>\n<\/div>\n\n\n\n<div class=\"wp-block-column is-layout-flow wp-block-column-is-layout-flow\" style=\"flex-basis:66.66%\">\n<h2 class=\"wp-block-heading has-medium-font-size\">8 Jahre gek\u00e4mpft, 350 Wohnungen live \u2013 und jetzt der Moment, wo es fliegen muss.<\/h2>\n\n\n\n<p>Wir haben Millionen in Tech, Patente und Entwicklung gesteckt. Der Markt wartet: Nachfrage boomt, Kooperationen klopfen an. Aber zwischen &#171;funktioniert&#187; und &#171;Marktf\u00fchrer&#187; fehlt diese eine Br\u00fccke \u2013 Kapital f\u00fcr Skalierung, Updates und Push. Viel ist da: Bew\u00e4hrte Hardware, IoT-Plattform, Support-Struktur. Es braucht trotzdem mehr, um richtig durchzustarten.\u200b<\/p>\n<\/div>\n<\/div>\n\n\n\n<div class=\"wp-block-columns is-layout-flex wp-container-core-columns-is-layout-28f84493 wp-block-columns-is-layout-flex\">\n<div class=\"wp-block-column is-layout-flow wp-block-column-is-layout-flow\" style=\"flex-basis:33.33%\"><\/div>\n<\/div>\n\n\n\n<div class=\"wp-block-columns is-layout-flex wp-container-core-columns-is-layout-28f84493 wp-block-columns-is-layout-flex\">\n<div class=\"wp-block-column is-layout-flow wp-block-column-is-layout-flow\" style=\"flex-basis:66.66%\">\n<h2 class=\"wp-block-heading has-medium-font-size\">Das Potential der Climeo Solutions ist riesig &#8211; profitieren Sie davon!<\/h2>\n\n\n\n<p>In der Schweiz werden dieses Jahr rund 40&#8217;000 Wohnungen gebaut. Davon sind ca. 40 % mit Wohnungsl\u00fcftung ausgestattet, Tendenz steigend. Das gesamte Potenzial des Climeo Systems in der Schweiz liegt somit bei etwa 50 Mio. CHF Umsatz. Betrachtet man den gesamten europ\u00e4ischen Raum, d\u00fcrfte es etwa 20-mal so viel sein!<\/p>\n<\/div>\n\n\n\n<div class=\"wp-block-column is-layout-flow wp-block-column-is-layout-flow\" style=\"flex-basis:33.33%\">\n<figure class=\"wp-block-image size-full\"><img loading=\"lazy\" decoding=\"async\" width=\"750\" height=\"674\" src=\"https:\/\/climeo-solutions.com\/wp-content\/uploads\/2026\/03\/Wohnzimmer-mit-CS-Umsatz.jpeg\" alt=\"\" class=\"wp-image-306\" srcset=\"https:\/\/climeo-solutions.com\/wp-content\/uploads\/2026\/03\/Wohnzimmer-mit-CS-Umsatz.jpeg 750w, https:\/\/climeo-solutions.com\/wp-content\/uploads\/2026\/03\/Wohnzimmer-mit-CS-Umsatz-300x270.jpeg 300w\" sizes=\"auto, (max-width: 750px) 100vw, 750px\" \/><\/figure>\n<\/div>\n<\/div>\n\n\n\n<div class=\"wp-block-columns is-layout-flex wp-container-core-columns-is-layout-28f84493 wp-block-columns-is-layout-flex\">\n<div class=\"wp-block-column is-layout-flow wp-block-column-is-layout-flow\" style=\"flex-basis:33.33%\">\n<figure class=\"wp-block-image size-full\"><img loading=\"lazy\" decoding=\"async\" width=\"574\" height=\"536\" src=\"https:\/\/climeo-solutions.com\/wp-content\/uploads\/2026\/03\/Portrait-mit-AirGate-Zeigefinger-M.png\" alt=\"\" class=\"wp-image-301\" srcset=\"https:\/\/climeo-solutions.com\/wp-content\/uploads\/2026\/03\/Portrait-mit-AirGate-Zeigefinger-M.png 574w, https:\/\/climeo-solutions.com\/wp-content\/uploads\/2026\/03\/Portrait-mit-AirGate-Zeigefinger-M-300x280.png 300w\" sizes=\"auto, (max-width: 574px) 100vw, 574px\" \/><\/figure>\n<\/div>\n\n\n\n<div class=\"wp-block-column is-layout-flow wp-block-column-is-layout-flow\" style=\"flex-basis:66.66%\">\n<h2 class=\"wp-block-heading has-medium-font-size\">What makes AirGate unique? <\/h2>\n\n\n\n<p>It doesn&#8217;t just measure, it understands. Temperature, humidity, air quality \u2013 AirGate captures everything and provides the foundation for intelligent decisions. In combination with TempGate and FlatMaster, we achieve:<\/p>\n\n\n\n<p>* &nbsp; Up to 40% efficiency increase in ventilation. Thanks to AirGate, we know exactly when and how much ventilation is needed.<br>* &nbsp;**15% total energy savings.** AirGate not only optimizes ventilation but also contributes to the overall energy efficiency of the building.<br>* &nbsp;Transparent indoor air quality for your customers. Through our IoT platform, residents can view their indoor air data live and benefit from our remote optimization.<\/p>\n<\/div>\n<\/div>\n\n\n\n<div class=\"wp-block-columns is-layout-flex wp-container-core-columns-is-layout-28f84493 wp-block-columns-is-layout-flex\">\n<div class=\"wp-block-column is-layout-flow wp-block-column-is-layout-flow\" style=\"flex-basis:66.66%\">\n<h2 class=\"wp-block-heading has-medium-font-size\">Investitionen in Infrastruktur \u2013 nachhaltiger Erfolg<\/h2>\n\n\n\n<p>Im Gegensatz zu kurzlebigen Konsumg\u00fctern bieten Infrastruktur-Investitionen eine hohe Kundenbindung. Klimaanlagen und Heizungen sind nicht mit einem Klick gek\u00fcndigt, was in Krisenzeiten ein Vorteil ist.<\/p>\n\n\n\n<p>Climeo Solutions: Intelligente L\u00fcftung mit Zukunftspotenzial:<br>* &nbsp;Wachsende M\u00e4rkte: Steigende Nachfrage nach L\u00fcftungssystemen, besonders in Neubauten (Schweiz: 40%).<br>* &nbsp;Zukunftstrend: Mehr Qualit\u00e4t, App-Steuerung, verbessertes Raumklima und transparente Raumluftqualit\u00e4t.<br>* &nbsp;Effizienz: Minergie-Standard mit deutlichen Energieersparnissen ohne Komfortverlust.<\/p>\n<\/div>\n\n\n\n<div class=\"wp-block-column is-layout-flow wp-block-column-is-layout-flow\" style=\"flex-basis:33.33%\">\n<figure class=\"wp-block-image size-large\"><img loading=\"lazy\" decoding=\"async\" width=\"1019\" height=\"1024\" src=\"https:\/\/climeo-solutions.com\/wp-content\/uploads\/2026\/03\/Wohnzimmer-CS-in-der-Schweiz-1019x1024.png\" alt=\"\" class=\"wp-image-304\" srcset=\"https:\/\/climeo-solutions.com\/wp-content\/uploads\/2026\/03\/Wohnzimmer-CS-in-der-Schweiz-1019x1024.png 1019w, https:\/\/climeo-solutions.com\/wp-content\/uploads\/2026\/03\/Wohnzimmer-CS-in-der-Schweiz-298x300.png 298w, https:\/\/climeo-solutions.com\/wp-content\/uploads\/2026\/03\/Wohnzimmer-CS-in-der-Schweiz-150x150.png 150w, https:\/\/climeo-solutions.com\/wp-content\/uploads\/2026\/03\/Wohnzimmer-CS-in-der-Schweiz-768x772.png 768w, https:\/\/climeo-solutions.com\/wp-content\/uploads\/2026\/03\/Wohnzimmer-CS-in-der-Schweiz.png 1180w\" sizes=\"auto, (max-width: 1019px) 100vw, 1019px\" \/><\/figure>\n<\/div>\n<\/div>\n\n\n\n<h5 class=\"wp-block-heading has-contrast-2-color has-text-color has-link-color wp-elements-c0829140e3f51e622c7c077a0b6a18e7\"><br>Laden Sie unsere Crowd Funding Dokumentation herunter und \u00fcberzeugen Sie sich selbst von unsrem Angebot.<\/h5>\n\n\n\n<div data-wp-interactive=\"core\/file\" class=\"wp-block-file\"><object data-wp-bind--hidden=\"!state.hasPdfPreview\" hidden class=\"wp-block-file__embed\" data=\"https:\/\/climeo-solutions.com\/wp-content\/uploads\/2026\/02\/Crowd-Funding-Climeo-Solutions.pdf\" type=\"application\/pdf\" style=\"width:100%;height:600px\" aria-label=\"Einbettung von Crowd Funding Climeo Solutions.\"><\/object><a id=\"wp-block-file--media-75f845b1-5b24-43a4-9f82-ff268c5cfc6b\" href=\"https:\/\/climeo-solutions.com\/wp-content\/uploads\/2026\/02\/Crowd-Funding-Climeo-Solutions.pdf\">Crowd Funding Climeo Solutions<\/a><a href=\"https:\/\/climeo-solutions.com\/wp-content\/uploads\/2026\/02\/Crowd-Funding-Climeo-Solutions.pdf\" class=\"wp-block-file__button wp-element-button\" download aria-describedby=\"wp-block-file--media-75f845b1-5b24-43a4-9f82-ff268c5cfc6b\">Herunterladen<\/a><\/div>\n","protected":false},"excerpt":{"rendered":"<p>Climeo Solutions entwickelt und vertreibt intelligente L\u00fcftungsSteuerungsSysteme f\u00fcr Wohngeb\u00e4ude. Das Unternehmen verf\u00fcgt \u00fcber funktionierende Technologie, reale Kunden, einen bestehenden Produktmarkt und ben\u00f6tigt nun Kapital, um Wachstum und Weiterentwicklung sicherzustellen. Werden Sie Teil der Climeo Solutions, nehmen Sie Kontakt mit uns auf! Einige Ausschnitte aus unserer LinkedIn &#8211; Kampagne: 8 Jahre gek\u00e4mpft, 350 Wohnungen live \u2013 [&hellip;]<\/p>\n","protected":false},"author":1,"featured_media":0,"parent":0,"menu_order":0,"comment_status":"closed","ping_status":"closed","template":"","meta":{"footnotes":""},"class_list":["post-198","page","type-page","status-publish","hentry"],"_links":{"self":[{"href":"https:\/\/climeo-solutions.com\/index.php?rest_route=\/wp\/v2\/pages\/198","targetHints":{"allow":["GET"]}}],"collection":[{"href":"https:\/\/climeo-solutions.com\/index.php?rest_route=\/wp\/v2\/pages"}],"about":[{"href":"https:\/\/climeo-solutions.com\/index.php?rest_route=\/wp\/v2\/types\/page"}],"author":[{"embeddable":true,"href":"https:\/\/climeo-solutions.com\/index.php?rest_route=\/wp\/v2\/users\/1"}],"replies":[{"embeddable":true,"href":"https:\/\/climeo-solutions.com\/index.php?rest_route=%2Fwp%2Fv2%2Fcomments&post=198"}],"version-history":[{"count":13,"href":"https:\/\/climeo-solutions.com\/index.php?rest_route=\/wp\/v2\/pages\/198\/revisions"}],"predecessor-version":[{"id":313,"href":"https:\/\/climeo-solutions.com\/index.php?rest_route=\/wp\/v2\/pages\/198\/revisions\/313"}],"wp:attachment":[{"href":"https:\/\/climeo-solutions.com\/index.php?rest_route=%2Fwp%2Fv2%2Fmedia&parent=198"}],"curies":[{"name":"wp","href":"https:\/\/api.w.org\/{rel}","templated":true}]}}